{"id":5102,"date":"2021-09-29T12:22:44","date_gmt":"2021-09-29T12:22:44","guid":{"rendered":"https:\/\/dumouchelceramiste.com\/?page_id=5102"},"modified":"2024-06-12T14:15:26","modified_gmt":"2024-06-12T18:15:26","slug":"contact-me","status":"publish","type":"page","link":"https:\/\/dumouchelceramiste.com\/en\/contact-me\/","title":{"rendered":"Contact me"},"content":{"rendered":"<div class=\"wpb-content-wrapper\"><p>[vc_row content_placement=&#8221;bottom&#8221; disable_background_image=&#8221;&#8221; simple_background_image=&#8221;235&#8243; el_class=&#8221;title-section-wrapper content-wrapper swirl&#8221;][vc_column][vc_column_text el_class=&#8221;title-section-text&#8221;]<\/p>\n<h1>Contact information \/<br \/>\nRetail venues<\/h1>\n<p>[\/vc_column_text][\/vc_column][\/vc_row][vc_row el_class=&#8221;content-wrapper&#8221;][vc_column width=&#8221;1\/3&#8243;][vc_single_image image=&#8221;7349&#8243; img_size=&#8221;full&#8221; alignment=&#8221;center&#8221;][\/vc_column][vc_column width=&#8221;2\/3&#8243;]\n<div class=\"wpcf7 no-js\" id=\"wpcf7-f5108-o1\" lang=\"fr-FR\" dir=\"ltr\" data-wpcf7-id=\"5108\">\n<div class=\"screen-reader-response\"><p role=\"status\" aria-live=\"polite\" aria-atomic=\"true\"><\/p> <ul><\/ul><\/div>\n<form action=\"\/en\/wp-json\/wp\/v2\/pages\/5102#wpcf7-f5108-o1\" method=\"post\" class=\"wpcf7-form init\" aria-label=\"Formulaire de contact\" novalidate=\"novalidate\" data-status=\"init\">\n<fieldset class=\"hidden-fields-container\"><input type=\"hidden\" name=\"_wpcf7\" value=\"5108\" \/><input type=\"hidden\" name=\"_wpcf7_version\" value=\"6.1.3\" \/><input type=\"hidden\" name=\"_wpcf7_locale\" value=\"fr_FR\" \/><input type=\"hidden\" name=\"_wpcf7_unit_tag\" value=\"wpcf7-f5108-o1\" \/><input type=\"hidden\" name=\"_wpcf7_container_post\" value=\"0\" \/><input type=\"hidden\" name=\"_wpcf7_posted_data_hash\" value=\"\" \/><input type=\"hidden\" name=\"_wpcf7_recaptcha_response\" value=\"\" \/>\n<\/fieldset>\n<div class=\"responsive-form clearfix\">\n<div class=\"form-row form-title\">\n<p>Questions or comments? Write to me!<\/p>\n<\/div>\n<div class=\"form-row\">\n<div class=\"column-first-half\"><span class=\"wpcf7-form-control-wrap\" data-name=\"your-name\"><input size=\"40\" maxlength=\"400\" class=\"wpcf7-form-control wpcf7-text wpcf7-validates-as-required\" aria-required=\"true\" aria-invalid=\"false\" placeholder=\"First and last name\" value=\"\" type=\"text\" name=\"your-name\" \/><\/span><\/div>\n<div class=\"column-second-half\"><span class=\"wpcf7-form-control-wrap\" data-name=\"your-email\"><input size=\"40\" maxlength=\"400\" class=\"wpcf7-form-control wpcf7-email wpcf7-validates-as-required wpcf7-text wpcf7-validates-as-email\" aria-required=\"true\" aria-invalid=\"false\" placeholder=\"Email address\" value=\"\" type=\"email\" name=\"your-email\" \/><\/span><\/div>\n<\/div>\n<div class=\"form-row\">\n<div class=\"column-full\"><span class=\"wpcf7-form-control-wrap\" data-name=\"your-message\"><textarea cols=\"40\" rows=\"10\" maxlength=\"2000\" class=\"wpcf7-form-control wpcf7-textarea wpcf7-validates-as-required\" aria-required=\"true\" aria-invalid=\"false\" placeholder=\"Message\" name=\"your-message\"><\/textarea><\/span><\/div>\n<\/div>\n<div class=\"form-row\">\n<div class=\"column-first-half\">\n<span class=\"wpcf7-form-control-wrap recaptcha\" data-name=\"recaptcha\"><span data-sitekey=\"6LfGY24gAAAAADUa-BpR3EuNpV4O5WUsEhOLxS6S\" class=\"wpcf7-form-control wpcf7-recaptcha g-recaptcha\"><\/span>\r\n<noscript>\r\n\t<div class=\"grecaptcha-noscript\">\r\n\t\t<iframe src=\"https:\/\/www.google.com\/recaptcha\/api\/fallback?k=6LfGY24gAAAAADUa-BpR3EuNpV4O5WUsEhOLxS6S\" frameborder=\"0\" scrolling=\"no\" width=\"310\" height=\"430\">\r\n\t\t<\/iframe>\r\n\t\t<textarea name=\"g-recaptcha-response\" rows=\"3\" cols=\"40\" placeholder=\"reCaptcha Response Here\">\r\n\t\t<\/textarea>\r\n\t<\/div>\r\n<\/noscript>\r\n<\/span>\n<\/div>\n<div class=\"column-second-half\"><input class=\"wpcf7-form-control wpcf7-submit has-spinner\" type=\"submit\" value=\"Submit\" \/><\/div>\n<\/div>\n<\/div><div class=\"wpcf7-response-output\" aria-hidden=\"true\"><\/div>\n<\/form>\n<\/div>\n[\/vc_column][\/vc_row][vc_row full_width=&#8221;stretch_row_content_no_spaces&#8221; equal_height=&#8221;yes&#8221; el_class=&#8221;content-wrapper&#8221;][vc_column width=&#8221;1\/2&#8243; el_class=&#8221;title-bloc-horizontal-middle&#8221;][vc_column_text css=&#8221;.vc_custom_1632918828981{margin-bottom: 30px !important;}&#8221;]<\/p>\n<h2 style=\"text-align: left;\">Visit the<br \/>\nstudio boutique!<\/h2>\n<p>[\/vc_column_text][vc_column_text]DUMOUCHEL C\u00c9RAMISTE<br \/>\n520, 1<sup>re<\/sup> Avenue Ouest<br \/>\nSainte-Anne-des-Monts (Qu\u00e9bec) G4V 1H4<br \/>\n<a href=\"tel:418 763-1905\">418 763-1905<\/a>[\/vc_column_text][vc_row_inner el_class=&#8221;social-icons&#8221;][vc_column_inner][vc_single_image image=&#8221;255&#8243; img_size=&#8221;full&#8221; onclick=&#8221;custom_link&#8221; img_link_target=&#8221;_blank&#8221; link=&#8221;https:\/\/www.facebook.com\/Dumouchelceramiste&#8221;][vc_single_image image=&#8221;257&#8243; img_size=&#8221;full&#8221; onclick=&#8221;custom_link&#8221; img_link_target=&#8221;_blank&#8221; link=&#8221;https:\/\/www.instagram.com\/dumouchel_ceramiste\/&#8221;][\/vc_column_inner][\/vc_row_inner][\/vc_column][vc_column width=&#8221;1\/2&#8243;][vc_single_image image=&#8221;253&#8243; img_size=&#8221;full&#8221; alignment=&#8221;right&#8221;][\/vc_column][\/vc_row][vc_row full_width=&#8221;stretch_row_content_no_spaces&#8221; el_class=&#8221;content-wrapper&#8221;][vc_column][vc_raw_html]JTNDZGl2JTIwaWQlM0QlMjJtYXAlMjIlM0UlM0MlMkZkaXYlM0U=[\/vc_raw_html][\/vc_column][\/vc_row][vc_row el_class=&#8221;content-wrapper anchor-offset&#8221; css=&#8221;.vc_custom_1632918454967{margin-top: 60px !important;margin-bottom: 60px !important;}&#8221; el_id=&#8221;retail-venues&#8221;][vc_column][vc_column_text el_class=&#8221;underline&#8221; css=&#8221;.vc_custom_1632920186828{margin-bottom: 80px !important;}&#8221;]<\/p>\n<h3>RETAIL VENUES<\/h3>\n<p>[\/vc_column_text][vc_row_inner][vc_column_inner width=&#8221;1\/3&#8243;][vc_column_text]<strong>SAINTE-ANNE-DES-MONTS<\/strong><br \/>\n<strong>G\u00eete du Mont-Albert et Centre de d\u00e9couverte du parc national de la Gasp\u00e9sie<\/strong><br \/>\n1981, route du Parc<br \/>\nSainte-Anne-des-Monts (Qu\u00e9bec) G4V 2E4<br \/>\n<a href=\"tel:418 763-7494\">418 763-7494<\/a><br \/>\n<a href=\"http:\/\/sepaq.com\/pq\/gas\" target=\"_blank\" rel=\"noopener\">sepaq.com\/pq\/gas<\/a>[\/vc_column_text][\/vc_column_inner][vc_column_inner width=&#8221;1\/3&#8243;][vc_column_text]<strong>SAINTE-ANNE-DES-MONTS<\/strong><br \/>\n<strong>Marie 4 poches<\/strong><br \/>\n111, boulevard Sainte-Anne Ouest<br \/>\nSainte-Anne-des-Monts (Qu\u00e9bec) G4V 1R5<br \/>\n<a href=\"tel:418 763-4775\">418 763-4775<\/a><br \/>\n<a href=\"https:\/\/www.4poches.com\" target=\"_blank\" rel=\"noopener\"><span style=\"color: #333333;\">4poches.com<\/span><\/a>[\/vc_column_text][\/vc_column_inner][vc_column_inner width=&#8221;1\/3&#8243;][vc_column_text]<strong>SAINTE-ANNE-DES-MONTS<\/strong><br \/>\n<strong>Le Petit march\u00e9 &#8211; Boutique artisans<br \/>\n<\/strong>158 Rte du Parc<br \/>\nSainte-Anne-des-Monts (Qu\u00e9bec)<br \/>\nG4V 2C2<br \/>\n<span aria-label=\"Composer le num\u00e9ro (418) 967-1333\">418-967-1333<br \/>\n<a href=\"https:\/\/lepetitmarchegaspesie.square.site\/\">lepetitmarchegaspesie.square.site<\/a><\/span>[\/vc_column_text][\/vc_column_inner][\/vc_row_inner][vc_row_inner][vc_column_inner width=&#8221;1\/3&#8243;][vc_column_text]<strong>SAINTE-ANNE-DES-MONTS<\/strong><br \/>\n<strong>Auberge de montagne des Chic-Chocs<\/strong><br \/>\n<a href=\"tel:1 800 665-3091\">1 800 665-3091<\/a><br \/>\n<a href=\"http:\/\/sepaq.com\/ct\/amc\" target=\"_blank\" rel=\"noopener\">sepaq.com\/ct\/amc<\/a>[\/vc_column_text][\/vc_column_inner][vc_column_inner width=&#8221;1\/3&#8243;][vc_column_text]<strong>MONT-LOUIS<\/strong><br \/>\n<strong>Auberge l&#8217;Amar\u00e9<\/strong><br \/>\n30, 1re Avenue Est<br \/>\nMont-Louis (Qu\u00e9bec) \u00a0G0E 1T0<br \/>\n<a href=\"https:\/\/www.google.com\/search?gs_ssp=eJzj4tVP1zc0TC6qSsuJT8oyYLRSNagwSbY0sExOSUtOM0hLSjU3tzKosEg2skg0Tk00Nk5NSU42SPXizFFPzE0sOrwyFQCQQBTg&amp;q=l%27amar%C3%A9e&amp;rlz=1C5CHFA_enCA835CA835&amp;oq=L%27AMAR%C3%89R&amp;gs_lcrp=EgZjaHJvbWUqEggBEC4YDRivARjHARiABBiYBTIGCAAQRRg5MhIIARAuGA0YrwEYxwEYgAQYmAUyDwgCEC4YDRivARjHARiABDIKCAMQABiABBiiBNIBCDgyNzRqMGo3qAIIsAIB&amp;sourceid=chrome&amp;ie=UTF-8#\" data-dtype=\"d3ph\" data-local-attribute=\"d3ph\" data-ved=\"2ahUKEwjiicbFttaGAxWEFlkFHYTDDmcQkAgoAHoECCAQAg\"><span aria-label=\"Composer le num\u00e9ro (418) 797-2323\">418-797-2323<\/span><\/a><br \/>\n<a href=\"https:\/\/aubergelamarre.com\/\">aubergelamarre.com<\/a>[\/vc_column_text][\/vc_column_inner][vc_column_inner width=&#8221;1\/3&#8243;][vc_column_text]<strong>PERC\u00c9<\/strong><br \/>\n<strong>Galerie de Myl\u00e8ne Henry<\/strong><br \/>\n224, route 132 Ouest<br \/>\nPerc\u00e9 (Qu\u00e9bec) G0C 2L0<br \/>\n<a href=\"tel:514 793-3443\">514 793-3443<\/a><br \/>\n<a href=\"http:\/\/mylenehenry.com\" target=\"_blank\" rel=\"noopener\">mylenehenry.com<\/a>[\/vc_column_text][\/vc_column_inner][\/vc_row_inner][vc_row_inner][vc_column_inner width=&#8221;1\/3&#8243;][vc_column_text]<strong>GASP\u00c9<\/strong><br \/>\n<strong>Mus\u00e9e de la Gasp\u00e9sie<\/strong><br \/>\n80, boulevard de Gasp\u00e9<br \/>\nGasp\u00e9 (Qu\u00e9bec) G4X 1A9<br \/>\n<a href=\"tel:418 368-1534\">418 368-1534<\/a><br \/>\n<a href=\"http:\/\/museedelagaspesie.ca\" target=\"_blank\" rel=\"noopener\">museedelagaspesie.ca<\/a>[\/vc_column_text][\/vc_column_inner][vc_column_inner width=&#8221;1\/3&#8243;][\/vc_column_inner][vc_column_inner width=&#8221;1\/3&#8243;][\/vc_column_inner][\/vc_row_inner][vc_row_inner][vc_column_inner width=&#8221;1\/3&#8243;][\/vc_column_inner][vc_column_inner width=&#8221;1\/3&#8243;][\/vc_column_inner][vc_column_inner width=&#8221;1\/3&#8243;][\/vc_column_inner][\/vc_row_inner][\/vc_column][\/vc_row]<\/p>\n<\/div>","protected":false},"excerpt":{"rendered":"<p>[vc_row content_placement=&#8221;bottom&#8221; disable_background_image=&#8221;&#8221; simple_background_image=&#8221;235&#8243; el_class=&#8221;title-section-wrapper content-wrapper swirl&#8221;][vc_column][vc_column_text el_class=&#8221;title-section-text&#8221;] Contact information \/ Retail venues [\/vc_column_text][\/vc_column][\/vc_row][vc_row el_class=&#8221;content-wrapper&#8221;][vc_column width=&#8221;1\/3&#8243;][vc_single_image image=&#8221;7349&#8243; img_size=&#8221;full&#8221; alignment=&#8221;center&#8221;][\/vc_column][vc_column width=&#8221;2\/3&#8243;][\/vc_column][\/vc_row][vc_row full_width=&#8221;stretch_row_content_no_spaces&#8221; equal_height=&#8221;yes&#8221; el_class=&#8221;content-wrapper&#8221;][vc_column width=&#8221;1\/2&#8243; el_class=&#8221;title-bloc-horizontal-middle&#8221;][vc_column_text css=&#8221;.vc_custom_1632918828981{margin-bottom: 30px !important;}&#8221;] Visit the studio boutique! [\/vc_column_text][vc_column_text]DUMOUCHEL C\u00c9RAMISTE 520, 1re Avenue Ouest Sainte-Anne-des-Monts (Qu\u00e9bec) [&hellip;]<\/p>\n","protected":false},"author":1,"featured_media":0,"parent":0,"menu_order":0,"comment_status":"closed","ping_status":"closed","template":"","meta":{"_acf_changed":false,"inline_featured_image":false,"footnotes":""},"class_list":["post-5102","page","type-page","status-publish","hentry"],"acf":[],"yoast_head":"<!-- This site is optimized with the Yoast SEO plugin v26.2 - https:\/\/yoast.com\/wordpress\/plugins\/seo\/ -->\n<title>Contact information \/ Retail outlets | Dumouchel Ceramist<\/title>\n<meta name=\"description\" content=\"Visit our studio boutique: 520 1re Avenue Ouest, in Sainte-Anne-des-Monts, 418-763-1905. Also find out where you can buy our products throughout Qu\u00e9bec!\" \/>\n<meta name=\"robots\" content=\"index, follow, max-snippet:-1, max-image-preview:large, max-video-preview:-1\" \/>\n<link rel=\"canonical\" href=\"https:\/\/dumouchelceramiste.com\/en\/contact-me\/\" \/>\n<meta property=\"og:locale\" content=\"en_US\" \/>\n<meta property=\"og:type\" content=\"article\" \/>\n<meta property=\"og:title\" content=\"Contact information \/ Retail outlets | Dumouchel Ceramist\" \/>\n<meta property=\"og:description\" content=\"Visit our studio boutique: 520 1re Avenue Ouest, in Sainte-Anne-des-Monts, 418-763-1905. Also find out where you can buy our products throughout Qu\u00e9bec!\" \/>\n<meta property=\"og:url\" content=\"https:\/\/dumouchelceramiste.com\/en\/contact-me\/\" \/>\n<meta property=\"og:site_name\" content=\"Dumouchel C\u00e9ramiste\" \/>\n<meta property=\"article:publisher\" content=\"https:\/\/www.facebook.com\/Dumouchelceramiste\" \/>\n<meta property=\"article:modified_time\" content=\"2024-06-12T18:15:26+00:00\" \/>\n<meta name=\"twitter:card\" content=\"summary_large_image\" \/>\n<meta name=\"twitter:label1\" content=\"Est. reading time\" \/>\n\t<meta name=\"twitter:data1\" content=\"3 minutes\" \/>\n<script type=\"application\/ld+json\" class=\"yoast-schema-graph\">{\"@context\":\"https:\/\/schema.org\",\"@graph\":[{\"@type\":\"WebPage\",\"@id\":\"https:\/\/dumouchelceramiste.com\/en\/contact-me\/\",\"url\":\"https:\/\/dumouchelceramiste.com\/en\/contact-me\/\",\"name\":\"Contact information \/ Retail outlets | Dumouchel Ceramist\",\"isPartOf\":{\"@id\":\"https:\/\/dumouchelceramiste.com\/en\/#website\"},\"datePublished\":\"2021-09-29T12:22:44+00:00\",\"dateModified\":\"2024-06-12T18:15:26+00:00\",\"description\":\"Visit our studio boutique: 520 1re Avenue Ouest, in Sainte-Anne-des-Monts, 418-763-1905. Also find out where you can buy our products throughout Qu\u00e9bec!\",\"breadcrumb\":{\"@id\":\"https:\/\/dumouchelceramiste.com\/en\/contact-me\/#breadcrumb\"},\"inLanguage\":\"en-US\",\"potentialAction\":[{\"@type\":\"ReadAction\",\"target\":[\"https:\/\/dumouchelceramiste.com\/en\/contact-me\/\"]}]},{\"@type\":\"BreadcrumbList\",\"@id\":\"https:\/\/dumouchelceramiste.com\/en\/contact-me\/#breadcrumb\",\"itemListElement\":[{\"@type\":\"ListItem\",\"position\":1,\"name\":\"Accueil\",\"item\":\"https:\/\/dumouchelceramiste.com\/en\/\"},{\"@type\":\"ListItem\",\"position\":2,\"name\":\"Contact me\"}]},{\"@type\":\"WebSite\",\"@id\":\"https:\/\/dumouchelceramiste.com\/en\/#website\",\"url\":\"https:\/\/dumouchelceramiste.com\/en\/\",\"name\":\"Dumouchel C\u00e9ramiste\",\"description\":\"\",\"publisher\":{\"@id\":\"https:\/\/dumouchelceramiste.com\/en\/#organization\"},\"potentialAction\":[{\"@type\":\"SearchAction\",\"target\":{\"@type\":\"EntryPoint\",\"urlTemplate\":\"https:\/\/dumouchelceramiste.com\/en\/?s={search_term_string}\"},\"query-input\":{\"@type\":\"PropertyValueSpecification\",\"valueRequired\":true,\"valueName\":\"search_term_string\"}}],\"inLanguage\":\"en-US\"},{\"@type\":\"Organization\",\"@id\":\"https:\/\/dumouchelceramiste.com\/en\/#organization\",\"name\":\"Dumouchel C\u00e9ramiste\",\"url\":\"https:\/\/dumouchelceramiste.com\/en\/\",\"logo\":{\"@type\":\"ImageObject\",\"inLanguage\":\"en-US\",\"@id\":\"https:\/\/dumouchelceramiste.com\/en\/#\/schema\/logo\/image\/\",\"url\":\"https:\/\/dumouchelceramiste.com\/wp-content\/uploads\/2021\/12\/DUMOUCHEL_logo-02.png\",\"contentUrl\":\"https:\/\/dumouchelceramiste.com\/wp-content\/uploads\/2021\/12\/DUMOUCHEL_logo-02.png\",\"width\":592,\"height\":309,\"caption\":\"Dumouchel C\u00e9ramiste\"},\"image\":{\"@id\":\"https:\/\/dumouchelceramiste.com\/en\/#\/schema\/logo\/image\/\"},\"sameAs\":[\"https:\/\/www.facebook.com\/Dumouchelceramiste\"]}]}<\/script>\n<!-- \/ Yoast SEO plugin. -->","yoast_head_json":{"title":"Contact information \/ Retail outlets | Dumouchel Ceramist","description":"Visit our studio boutique: 520 1re Avenue Ouest, in Sainte-Anne-des-Monts, 418-763-1905. Also find out where you can buy our products throughout Qu\u00e9bec!","robots":{"index":"index","follow":"follow","max-snippet":"max-snippet:-1","max-image-preview":"max-image-preview:large","max-video-preview":"max-video-preview:-1"},"canonical":"https:\/\/dumouchelceramiste.com\/en\/contact-me\/","og_locale":"en_US","og_type":"article","og_title":"Contact information \/ Retail outlets | Dumouchel Ceramist","og_description":"Visit our studio boutique: 520 1re Avenue Ouest, in Sainte-Anne-des-Monts, 418-763-1905. Also find out where you can buy our products throughout Qu\u00e9bec!","og_url":"https:\/\/dumouchelceramiste.com\/en\/contact-me\/","og_site_name":"Dumouchel C\u00e9ramiste","article_publisher":"https:\/\/www.facebook.com\/Dumouchelceramiste","article_modified_time":"2024-06-12T18:15:26+00:00","twitter_card":"summary_large_image","twitter_misc":{"Est. reading time":"3 minutes"},"schema":{"@context":"https:\/\/schema.org","@graph":[{"@type":"WebPage","@id":"https:\/\/dumouchelceramiste.com\/en\/contact-me\/","url":"https:\/\/dumouchelceramiste.com\/en\/contact-me\/","name":"Contact information \/ Retail outlets | Dumouchel Ceramist","isPartOf":{"@id":"https:\/\/dumouchelceramiste.com\/en\/#website"},"datePublished":"2021-09-29T12:22:44+00:00","dateModified":"2024-06-12T18:15:26+00:00","description":"Visit our studio boutique: 520 1re Avenue Ouest, in Sainte-Anne-des-Monts, 418-763-1905. Also find out where you can buy our products throughout Qu\u00e9bec!","breadcrumb":{"@id":"https:\/\/dumouchelceramiste.com\/en\/contact-me\/#breadcrumb"},"inLanguage":"en-US","potentialAction":[{"@type":"ReadAction","target":["https:\/\/dumouchelceramiste.com\/en\/contact-me\/"]}]},{"@type":"BreadcrumbList","@id":"https:\/\/dumouchelceramiste.com\/en\/contact-me\/#breadcrumb","itemListElement":[{"@type":"ListItem","position":1,"name":"Accueil","item":"https:\/\/dumouchelceramiste.com\/en\/"},{"@type":"ListItem","position":2,"name":"Contact me"}]},{"@type":"WebSite","@id":"https:\/\/dumouchelceramiste.com\/en\/#website","url":"https:\/\/dumouchelceramiste.com\/en\/","name":"Dumouchel C\u00e9ramiste","description":"","publisher":{"@id":"https:\/\/dumouchelceramiste.com\/en\/#organization"},"potentialAction":[{"@type":"SearchAction","target":{"@type":"EntryPoint","urlTemplate":"https:\/\/dumouchelceramiste.com\/en\/?s={search_term_string}"},"query-input":{"@type":"PropertyValueSpecification","valueRequired":true,"valueName":"search_term_string"}}],"inLanguage":"en-US"},{"@type":"Organization","@id":"https:\/\/dumouchelceramiste.com\/en\/#organization","name":"Dumouchel C\u00e9ramiste","url":"https:\/\/dumouchelceramiste.com\/en\/","logo":{"@type":"ImageObject","inLanguage":"en-US","@id":"https:\/\/dumouchelceramiste.com\/en\/#\/schema\/logo\/image\/","url":"https:\/\/dumouchelceramiste.com\/wp-content\/uploads\/2021\/12\/DUMOUCHEL_logo-02.png","contentUrl":"https:\/\/dumouchelceramiste.com\/wp-content\/uploads\/2021\/12\/DUMOUCHEL_logo-02.png","width":592,"height":309,"caption":"Dumouchel C\u00e9ramiste"},"image":{"@id":"https:\/\/dumouchelceramiste.com\/en\/#\/schema\/logo\/image\/"},"sameAs":["https:\/\/www.facebook.com\/Dumouchelceramiste"]}]}},"_links":{"self":[{"href":"https:\/\/dumouchelceramiste.com\/en\/wp-json\/wp\/v2\/pages\/5102","targetHints":{"allow":["GET"]}}],"collection":[{"href":"https:\/\/dumouchelceramiste.com\/en\/wp-json\/wp\/v2\/pages"}],"about":[{"href":"https:\/\/dumouchelceramiste.com\/en\/wp-json\/wp\/v2\/types\/page"}],"author":[{"embeddable":true,"href":"https:\/\/dumouchelceramiste.com\/en\/wp-json\/wp\/v2\/users\/1"}],"replies":[{"embeddable":true,"href":"https:\/\/dumouchelceramiste.com\/en\/wp-json\/wp\/v2\/comments?post=5102"}],"version-history":[{"count":13,"href":"https:\/\/dumouchelceramiste.com\/en\/wp-json\/wp\/v2\/pages\/5102\/revisions"}],"predecessor-version":[{"id":9922,"href":"https:\/\/dumouchelceramiste.com\/en\/wp-json\/wp\/v2\/pages\/5102\/revisions\/9922"}],"wp:attachment":[{"href":"https:\/\/dumouchelceramiste.com\/en\/wp-json\/wp\/v2\/media?parent=5102"}],"curies":[{"name":"wp","href":"https:\/\/api.w.org\/{rel}","templated":true}]}}